{"id":5661,"date":"2016-01-14T16:50:56","date_gmt":"2016-01-14T16:50:56","guid":{"rendered":"https:\/\/el6.thembaydev.com\/puca_smarket2\/my-account\/"},"modified":"2016-01-14T16:50:56","modified_gmt":"2016-01-14T16:50:56","slug":"my-account","status":"publish","type":"page","link":"https:\/\/www.cadowet.com\/?page_id=5661","title":{"rendered":"My Account"},"content":{"rendered":"<div class=\"woocommerce\">\n\t<div class=\"woocommerce-message\" role=\"alert\">\n\t\t&laquo;Hendrix Wallet &#8211; Brown&raquo; a \u00e9t\u00e9 ajout\u00e9 \u00e0 votre panier. <a href=\"https:\/\/www.cadowet.com\/?page_id=5659\" class=\"button wc-forward\">Voir le panier<\/a>\t<\/div>\n\t<div class=\"woocommerce-message\" role=\"alert\">\n\t\t&laquo;Dropshot Jogger Olive&raquo; a \u00e9t\u00e9 ajout\u00e9 \u00e0 votre panier. <a href=\"https:\/\/www.cadowet.com\/?page_id=5659\" class=\"button wc-forward\">Voir le panier<\/a>\t<\/div>\n\n<div class=\"woocommerce-notices-wrapper\"><\/div>\n\t\t<h2 class=\"title-account\">#my account\t\t\t<span>login to system<\/span>\n\t\t<\/h2>\n\t\t\n\n<form class=\"woocommerce-form login\" method=\"post\" novalidate>\n\n\t\n\t<p class=\"form-group form-row form-row-wide\">\n\t\t<label for=\"username\">Username or email address <span class=\"required\">*<\/span><span class=\"screen-reader-text\">Required<\/span><\/label>\n\t\t<input type=\"text\" class=\"woocommerce-Input woocommerce-Input--text input-text\" name=\"username\" id=\"username\" autocomplete=\"username\" value=\"\" required aria-required=\"true\" \/>\t<\/p>\n\t<p class=\"form-group form-row form-row-wide\">\n\t\t<label for=\"password\">Password <span class=\"required\">*<\/span><span class=\"screen-reader-text\">Required<\/span><\/label>\n\t\t<input class=\"woocommerce-Input woocommerce-Input--text input-text\" type=\"password\" name=\"password\" id=\"password\" autocomplete=\"current-password\" required aria-required=\"true\" \/>\n\t<\/p>\n\n\t\n\t<p class=\"form-row\">\n\t\t<input type=\"hidden\" id=\"woocommerce-login-nonce\" name=\"woocommerce-login-nonce\" value=\"f7d0031334\" \/><input type=\"hidden\" name=\"_wp_http_referer\" value=\"\/index.php?rest_route=%2Fwp%2Fv2%2Fpages%2F5661\" \/>\n\n\t\t<p for=\"rememberme\" class=\"inline rememberme woocommerce-form__input woocommerce-form__input-checkbox\"><input name=\"rememberme\" type=\"checkbox\" id=\"rememberme\" value=\"forever\"\/><span>Remember me<\/span><\/p>\n\n\t\t<p class=\"form-group lost_password\">\n\t\t\t<a href=\"https:\/\/www.cadowet.com\/?page_id=5661&#038;lost-password\">Lost your password?<\/a>\n\t\t<\/p>\n\n\t\t\n\t\t<p><input type=\"submit\" class=\"woocommerce-Button button\" name=\"login\" value=\"Login\" \/><\/p>\n\t\t\n\t\t\t<\/p>\n\n<\/form>\n\n<\/div>\n<div id=\"gtx-trans\" style=\"position: absolute; left: 851px; top: 48px;\">\n<div class=\"gtx-trans-icon\"><\/div>\n<\/div>\n","protected":false},"excerpt":{"rendered":"","protected":false},"author":1,"featured_media":0,"parent":0,"menu_order":0,"comment_status":"closed","ping_status":"closed","template":"","meta":{"footnotes":""},"class_list":["post-5661","page","type-page","status-publish","hentry"],"_links":{"self":[{"href":"https:\/\/www.cadowet.com\/index.php?rest_route=\/wp\/v2\/pages\/5661","targetHints":{"allow":["GET"]}}],"collection":[{"href":"https:\/\/www.cadowet.com\/index.php?rest_route=\/wp\/v2\/pages"}],"about":[{"href":"https:\/\/www.cadowet.com\/index.php?rest_route=\/wp\/v2\/types\/page"}],"author":[{"embeddable":true,"href":"https:\/\/www.cadowet.com\/index.php?rest_route=\/wp\/v2\/users\/1"}],"replies":[{"embeddable":true,"href":"https:\/\/www.cadowet.com\/index.php?rest_route=%2Fwp%2Fv2%2Fcomments&post=5661"}],"version-history":[{"count":0,"href":"https:\/\/www.cadowet.com\/index.php?rest_route=\/wp\/v2\/pages\/5661\/revisions"}],"wp:attachment":[{"href":"https:\/\/www.cadowet.com\/index.php?rest_route=%2Fwp%2Fv2%2Fmedia&parent=5661"}],"curies":[{"name":"wp","href":"https:\/\/api.w.org\/{rel}","templated":true}]}}